{"id":77,"date":"2025-06-15T10:36:32","date_gmt":"2025-06-15T10:36:32","guid":{"rendered":"https:\/\/www.jb-legal.ch\/contact\/"},"modified":"2026-04-13T18:19:05","modified_gmt":"2026-04-13T18:19:05","slug":"kontakt","status":"publish","type":"page","link":"https:\/\/www.jb-legal.ch\/en\/kontakt\/","title":{"rendered":"Contact"},"content":{"rendered":"<style>.kb-row-layout-id77_404f53-90 > .kt-row-column-wrap{align-content:end;}:where(.kb-row-layout-id77_404f53-90 > .kt-row-column-wrap) > .wp-block-kadence-column{justify-content:end;}.kb-row-layout-id77_404f53-90 > .kt-row-column-wrap{column-gap:var(--global-kb-gap-md, 2rem);row-gap:var(--global-kb-gap-md, 2rem);max-width:var( --global-content-width, 1290px );padding-left:var(--global-content-edge-padding);padding-right:var(--global-content-edge-padding);padding-top:var(--global-kb-spacing-5xl, 10rem);padding-bottom:var(--global-kb-spacing-4xl, 8rem);min-height:600px;grid-template-columns:minmax(0, 1fr);}.kb-row-layout-id77_404f53-90{background-image:url('https:\/\/www.jb-legal.ch\/wp-content\/uploads\/2025\/06\/spvhcbuki6e.jpg');background-size:cover;background-position:center center;background-attachment:fixed;background-repeat:no-repeat;}.kb-row-layout-id77_404f53-90 > .kt-row-layout-overlay{opacity:0.65;background-color:var(--global-palette3, #1A202C);mix-blend-mode:normal;}@media all and (max-width: 1024px), only screen and (min-device-width: 1024px) and (max-device-width: 1366px) and (-webkit-min-device-pixel-ratio: 2) and (hover: none){.kb-row-layout-id77_404f53-90{background-attachment:scroll;}}@media all and (max-width: 1024px){.kb-row-layout-id77_404f53-90 > .kt-row-column-wrap{grid-template-columns:minmax(0, 1fr);}}@media all and (max-width: 767px){.kb-row-layout-id77_404f53-90 > .kt-row-column-wrap{padding-top:var(--global-kb-spacing-xl, 4rem);padding-bottom:var(--global-kb-spacing-xl, 4rem);grid-template-columns:minmax(0, 1fr);}}<\/style><div class=\"kb-row-layout-wrap kb-row-layout-id77_404f53-90 alignfull kt-row-has-bg wp-block-kadence-rowlayout\"><div class=\"kt-row-layout-overlay kt-row-overlay-normal\"><\/div><div class=\"kt-row-column-wrap kt-has-1-columns kt-row-layout-equal kt-tab-layout-inherit kt-mobile-layout-row kt-row-valign-bottom kb-theme-content-width\">\n<style>.kadence-column77_4c7f33-f2 > .kt-inside-inner-col,.kadence-column77_4c7f33-f2 > .kt-inside-inner-col:before{border-top-left-radius:0px;border-top-right-radius:0px;border-bottom-right-radius:0px;border-bottom-left-radius:0px;}.kadence-column77_4c7f33-f2 > .kt-inside-inner-col{column-gap:var(--global-kb-gap-sm, 1rem);}.kadence-column77_4c7f33-f2 > .kt-inside-inner-col{flex-direction:column;}.kadence-column77_4c7f33-f2 > .kt-inside-inner-col > .aligncenter{width:100%;}.kadence-column77_4c7f33-f2 > .kt-inside-inner-col:before{opacity:0.3;}.kadence-column77_4c7f33-f2{position:relative;}@media all and (max-width: 1024px){.kadence-column77_4c7f33-f2 > .kt-inside-inner-col{flex-direction:column;justify-content:center;}}@media all and (max-width: 767px){.kadence-column77_4c7f33-f2 > .kt-inside-inner-col{flex-direction:column;justify-content:center;}}<\/style>\n<div class=\"wp-block-kadence-column kadence-column77_4c7f33-f2 inner-column-1\"><div class=\"kt-inside-inner-col\"><style>.wp-block-kadence-spacer.kt-block-spacer-77_ba5dce-16 .kt-block-spacer{height:40px;}.wp-block-kadence-spacer.kt-block-spacer-77_ba5dce-16 .kt-divider{border-top-width:1px;height:1px;border-top-color:var(--global-palette1, #3182CE);width:15%;border-top-style:solid;}<\/style>\n<div class=\"wp-block-kadence-spacer aligncenter kt-block-spacer-77_ba5dce-16\"><div class=\"kt-block-spacer kt-block-spacer-halign-center\"><hr class=\"kt-divider\"\/><\/div><\/div>\n\n\n<style>.wp-block-kadence-advancedheading.kt-adv-heading77_caa9af-10, .wp-block-kadence-advancedheading.kt-adv-heading77_caa9af-10[data-kb-block=\"kb-adv-heading77_caa9af-10\"]{padding-top:0px;margin-top:0px;text-align:center;font-size:var(--global-kb-font-size-lg, 2rem);line-height:1.1;font-style:normal;}.wp-block-kadence-advancedheading.kt-adv-heading77_caa9af-10 mark.kt-highlight, .wp-block-kadence-advancedheading.kt-adv-heading77_caa9af-10[data-kb-block=\"kb-adv-heading77_caa9af-10\"] mark.kt-highlight{font-style:normal;color:#f76a0c;-webkit-box-decoration-break:clone;box-decoration-break:clone;padding-top:0px;padding-right:0px;padding-bottom:0px;padding-left:0px;}@media all and (max-width: 1024px){.wp-block-kadence-advancedheading.kt-adv-heading77_caa9af-10, .wp-block-kadence-advancedheading.kt-adv-heading77_caa9af-10[data-kb-block=\"kb-adv-heading77_caa9af-10\"]{font-size:60px;}}@media all and (max-width: 767px){.wp-block-kadence-advancedheading.kt-adv-heading77_caa9af-10, .wp-block-kadence-advancedheading.kt-adv-heading77_caa9af-10[data-kb-block=\"kb-adv-heading77_caa9af-10\"]{font-size:40px;}}<\/style>\n<h1 class=\"kt-adv-heading77_caa9af-10 wp-block-kadence-advancedheading has-theme-palette-9-color has-text-color\" data-kb-block=\"kb-adv-heading77_caa9af-10\">Contact form for customer enquiries<\/h1>\n\n\n<style>.wp-block-kadence-advancedheading.kt-adv-heading77_e64967-aa, .wp-block-kadence-advancedheading.kt-adv-heading77_e64967-aa[data-kb-block=\"kb-adv-heading77_e64967-aa\"]{max-width:600px;margin-right:auto;margin-left:auto;text-align:center;font-style:normal;}.wp-block-kadence-advancedheading.kt-adv-heading77_e64967-aa mark.kt-highlight, .wp-block-kadence-advancedheading.kt-adv-heading77_e64967-aa[data-kb-block=\"kb-adv-heading77_e64967-aa\"] mark.kt-highlight{font-style:normal;color:#f76a0c;-webkit-box-decoration-break:clone;box-decoration-break:clone;padding-top:0px;padding-right:0px;padding-bottom:0px;padding-left:0px;}<\/style>\n<p class=\"kt-adv-heading77_e64967-aa wp-block-kadence-advancedheading has-theme-palette-9-color has-text-color\" data-kb-block=\"kb-adv-heading77_e64967-aa\">Get in touch with us.<\/p>\n<\/div><\/div>\n\n<\/div><\/div>\n\n<style>.kb-row-layout-id77_bc74a2-b9 > .kt-row-column-wrap{align-content:start;}:where(.kb-row-layout-id77_bc74a2-b9 > .kt-row-column-wrap) > .wp-block-kadence-column{justify-content:start;}.kb-row-layout-id77_bc74a2-b9 > .kt-row-column-wrap{column-gap:var(--global-kb-gap-md, 2rem);row-gap:var(--global-kb-gap-md, 2rem);max-width:var( --global-content-width, 1290px );padding-left:var(--global-content-edge-padding);padding-right:var(--global-content-edge-padding);padding-top:var(--global-kb-spacing-xxl, 5rem);padding-bottom:var(--global-kb-spacing-xxl, 5rem);grid-template-columns:minmax(0, 1fr);}.kb-row-layout-id77_bc74a2-b9 > .kt-row-layout-overlay{opacity:0.00;}@media all and (max-width: 1024px){.kb-row-layout-id77_bc74a2-b9 > .kt-row-column-wrap{grid-template-columns:minmax(0, 1fr);}}@media all and (max-width: 767px){.kb-row-layout-id77_bc74a2-b9 > .kt-row-column-wrap{grid-template-columns:minmax(0, 1fr);}}<\/style><div class=\"kb-row-layout-wrap kb-row-layout-id77_bc74a2-b9 alignfull has-theme-palette9-background-color kt-row-has-bg wp-block-kadence-rowlayout\"><div class=\"kt-row-column-wrap kt-has-2-columns kt-row-layout-row kt-tab-layout-inherit kt-mobile-layout-row kt-row-valign-top kb-theme-content-width\">\n<style>.kadence-column77_04fe66-7c > .kt-inside-inner-col{padding-right:var(--global-kb-spacing-5xl, 10rem);padding-left:var(--global-kb-spacing-5xl, 10rem);}.kadence-column77_04fe66-7c > .kt-inside-inner-col,.kadence-column77_04fe66-7c > .kt-inside-inner-col:before{border-top-left-radius:0px;border-top-right-radius:0px;border-bottom-right-radius:0px;border-bottom-left-radius:0px;}.kadence-column77_04fe66-7c > .kt-inside-inner-col{column-gap:var(--global-kb-gap-sm, 1rem);}.kadence-column77_04fe66-7c > .kt-inside-inner-col{flex-direction:column;}.kadence-column77_04fe66-7c > .kt-inside-inner-col > .aligncenter{width:100%;}.kadence-column77_04fe66-7c > .kt-inside-inner-col:before{opacity:0.3;}.kadence-column77_04fe66-7c{text-align:center;}.kadence-column77_04fe66-7c{position:relative;}.kadence-column77_04fe66-7c, .kt-inside-inner-col > .kadence-column77_04fe66-7c:not(.specificity){margin-right:var(--global-kb-spacing-3xl, 6.5rem);margin-left:var(--global-kb-spacing-3xl, 6.5rem);}@media all and (max-width: 1024px){.kadence-column77_04fe66-7c > .kt-inside-inner-col{padding-right:var(--global-kb-spacing-xl, 4rem);padding-left:var(--global-kb-spacing-xl, 4rem);flex-direction:column;justify-content:center;}}@media all and (max-width: 1024px){.kadence-column77_04fe66-7c, .kt-inside-inner-col > .kadence-column77_04fe66-7c:not(.specificity){margin-right:var(--global-kb-spacing-md, 2rem);margin-left:var(--global-kb-spacing-md, 2rem);}}@media all and (max-width: 767px){.kadence-column77_04fe66-7c > .kt-inside-inner-col{padding-right:0px;padding-left:0px;flex-direction:column;justify-content:center;}.kadence-column77_04fe66-7c, .kt-inside-inner-col > .kadence-column77_04fe66-7c:not(.specificity){margin-right:0px;margin-left:0px;}}<\/style>\n<div class=\"wp-block-kadence-column kadence-column77_04fe66-7c\"><div class=\"kt-inside-inner-col\"><style>.wp-block-kadence-spacer.kt-block-spacer-77_7ff81a-cf .kt-block-spacer{height:40px;}.wp-block-kadence-spacer.kt-block-spacer-77_7ff81a-cf .kt-divider{border-top-width:1px;height:1px;border-top-color:var(--global-palette1, #3182CE);width:15%;border-top-style:solid;}<\/style>\n<div class=\"wp-block-kadence-spacer aligncenter kt-block-spacer-77_7ff81a-cf\"><div class=\"kt-block-spacer kt-block-spacer-halign-center\"><hr class=\"kt-divider\"\/><\/div><\/div>\n\n\n<style>.wp-block-kadence-advancedheading.kt-adv-heading77_f741cc-f9, .wp-block-kadence-advancedheading.kt-adv-heading77_f741cc-f9[data-kb-block=\"kb-adv-heading77_f741cc-f9\"]{max-width:500px;margin-right:auto;margin-left:auto;padding-top:0px;padding-bottom:var(--global-kb-spacing-xs, 1rem);margin-top:0px;margin-bottom:var(--global-kb-spacing-xxs, 0.5rem);text-align:center;font-size:32px;line-height:1.2;font-weight:600;font-style:normal;}.wp-block-kadence-advancedheading.kt-adv-heading77_f741cc-f9 mark.kt-highlight, .wp-block-kadence-advancedheading.kt-adv-heading77_f741cc-f9[data-kb-block=\"kb-adv-heading77_f741cc-f9\"] mark.kt-highlight{font-style:normal;color:#f76a0c;-webkit-box-decoration-break:clone;box-decoration-break:clone;padding-top:0px;padding-right:0px;padding-bottom:0px;padding-left:0px;}<\/style>\n<h2 class=\"kt-adv-heading77_f741cc-f9 wp-block-kadence-advancedheading has-theme-palette-3-color has-text-color\" data-kb-block=\"kb-adv-heading77_f741cc-f9\">Your concerns are in good hands with us<\/h2>\n\n\n<style>.wp-block-kadence-advancedheading.kt-adv-heading77_e25c6f-ee, .wp-block-kadence-advancedheading.kt-adv-heading77_e25c6f-ee[data-kb-block=\"kb-adv-heading77_e25c6f-ee\"]{max-width:500px;margin-right:auto;margin-left:auto;text-align:center;font-style:normal;}.wp-block-kadence-advancedheading.kt-adv-heading77_e25c6f-ee mark.kt-highlight, .wp-block-kadence-advancedheading.kt-adv-heading77_e25c6f-ee[data-kb-block=\"kb-adv-heading77_e25c6f-ee\"] mark.kt-highlight{font-style:normal;color:#f76a0c;-webkit-box-decoration-break:clone;box-decoration-break:clone;padding-top:0px;padding-right:0px;padding-bottom:0px;padding-left:0px;}<\/style>\n<p class=\"kt-adv-heading77_e25c6f-ee wp-block-kadence-advancedheading has-theme-palette-3-color has-text-color\" data-kb-block=\"kb-adv-heading77_e25c6f-ee\">Would you like to make an appointment or do you have questions about our notarial services? We look forward to hearing from you \u2013 by telephone, email or in person at our office. Our team will provide you with competent, discreet and prompt support.<\/p>\n\n\n\n<p>E-Mail: <a href=\"mailto:bi*****@******al.ch\" data-original-string=\"RO3HtiHwsWBzBNqFxa5cJA==f33s1oBsF5wqYxxay9cQISKMOcZfZz2GIgYrpxPbOTAlBk=\" title=\"This contact has been encoded by Anti-Spam by CleanTalk. Click to decode. To finish the decoding make sure that JavaScript is enabled in your browser.\"><span \n                data-original-string='e8kAbj463olKygHHEkC1hQ==f33Ie+qqgTXgtuNptuFjA+dF2gGjVXNuBPckWNydwPERvI='\n                class='apbct-email-encoder'\n                title='This contact has been encoded by Anti-Spam by CleanTalk. Click to decode. To finish the decoding make sure that JavaScript is enabled in your browser.'>bi<span class=\"apbct-blur\">*****<\/span>@<span class=\"apbct-blur\">******<\/span>al.ch<\/span><\/a><br>Telefon: 041 752 15 03<br>Mobile: 079 700 85 17<\/p>\n\n\n\n<p><br><strong>Office hours:<\/strong><br>Monday to Thursday: 8:30 a.m. to 5:30 p.m.<br>Friday: 8:30 a.m. to 2:00 p.m.<br>Appointments can also be arranged outside these hours.<br><\/p>\n<\/div><\/div>\n\n\n<style>.kadence-column77_4c614b-7f > .kt-inside-inner-col,.kadence-column77_4c614b-7f > .kt-inside-inner-col:before{border-top-left-radius:0px;border-top-right-radius:0px;border-bottom-right-radius:0px;border-bottom-left-radius:0px;}.kadence-column77_4c614b-7f > .kt-inside-inner-col{column-gap:var(--global-kb-gap-sm, 1rem);}.kadence-column77_4c614b-7f > .kt-inside-inner-col{flex-direction:column;}.kadence-column77_4c614b-7f > .kt-inside-inner-col > .aligncenter{width:100%;}.kadence-column77_4c614b-7f > .kt-inside-inner-col:before{opacity:0.3;}.kadence-column77_4c614b-7f{position:relative;}@media all and (max-width: 1024px){.kadence-column77_4c614b-7f > .kt-inside-inner-col{flex-direction:column;justify-content:center;}}@media all and (max-width: 767px){.kadence-column77_4c614b-7f > .kt-inside-inner-col{flex-direction:column;justify-content:center;}}<\/style>\n<div class=\"wp-block-kadence-column kadence-column77_4c614b-7f\"><div class=\"kt-inside-inner-col\"><\/div><\/div>\n\n<\/div><\/div>\n\n<style>.kb-row-layout-id77_eee16a-bb > .kt-row-column-wrap{align-content:start;}:where(.kb-row-layout-id77_eee16a-bb > .kt-row-column-wrap) > .wp-block-kadence-column{justify-content:start;}.kb-row-layout-id77_eee16a-bb > .kt-row-column-wrap{column-gap:var(--global-kb-gap-md, 2rem);row-gap:var(--global-kb-gap-md, 2rem);max-width:700px;margin-left:auto;margin-right:auto;padding-top:var(--global-kb-spacing-xxl, 5rem);padding-bottom:var(--global-kb-spacing-xxl, 5rem);grid-template-columns:minmax(0, 1fr);}.kb-row-layout-id77_eee16a-bb{background-image:url('https:\/\/www.jb-legal.ch\/wp-content\/uploads\/2025\/06\/a-legal-professionals-workspace-featuring-lady-justice.jpeg');background-size:cover;background-position:59% 89%;background-attachment:fixed;background-repeat:no-repeat;}.kb-row-layout-id77_eee16a-bb > .kt-row-layout-overlay{opacity:0.85;background-color:var(--global-palette4, #2D3748);}@media all and (max-width: 1024px), only screen and (min-device-width: 1024px) and (max-device-width: 1366px) and (-webkit-min-device-pixel-ratio: 2) and (hover: none){.kb-row-layout-id77_eee16a-bb{background-attachment:scroll;}}@media all and (max-width: 1024px){.kb-row-layout-id77_eee16a-bb > .kt-row-column-wrap{grid-template-columns:minmax(0, 1fr);}}@media all and (max-width: 767px){.kb-row-layout-id77_eee16a-bb > .kt-row-column-wrap{grid-template-columns:minmax(0, 1fr);}}<\/style><div class=\"kb-row-layout-wrap kb-row-layout-id77_eee16a-bb alignfull has-theme-palette4-background-color kt-row-has-bg wp-block-kadence-rowlayout\"><div class=\"kt-row-layout-overlay kt-row-overlay-normal\"><\/div><div class=\"kt-row-column-wrap kt-has-1-columns kt-row-layout-equal kt-tab-layout-inherit kt-mobile-layout-row kt-row-valign-top\">\n<style>.kadence-column77_b1d27e-69 > .kt-inside-inner-col,.kadence-column77_b1d27e-69 > .kt-inside-inner-col:before{border-top-left-radius:0px;border-top-right-radius:0px;border-bottom-right-radius:0px;border-bottom-left-radius:0px;}.kadence-column77_b1d27e-69 > .kt-inside-inner-col{column-gap:var(--global-kb-gap-sm, 1rem);}.kadence-column77_b1d27e-69 > .kt-inside-inner-col{flex-direction:column;}.kadence-column77_b1d27e-69 > .kt-inside-inner-col > .aligncenter{width:100%;}.kadence-column77_b1d27e-69 > .kt-inside-inner-col:before{opacity:0.3;}.kadence-column77_b1d27e-69{position:relative;}@media all and (max-width: 1024px){.kadence-column77_b1d27e-69 > .kt-inside-inner-col{flex-direction:column;justify-content:center;}}@media all and (max-width: 767px){.kadence-column77_b1d27e-69 > .kt-inside-inner-col{flex-direction:column;justify-content:center;}}<\/style>\n<div class=\"wp-block-kadence-column kadence-column77_b1d27e-69 inner-column-1\"><div class=\"kt-inside-inner-col\"><style>.wp-block-kadence-advancedheading.kt-adv-heading77_7176b5-d4, .wp-block-kadence-advancedheading.kt-adv-heading77_7176b5-d4[data-kb-block=\"kb-adv-heading77_7176b5-d4\"]{text-align:center;font-style:normal;}.wp-block-kadence-advancedheading.kt-adv-heading77_7176b5-d4 mark.kt-highlight, .wp-block-kadence-advancedheading.kt-adv-heading77_7176b5-d4[data-kb-block=\"kb-adv-heading77_7176b5-d4\"] mark.kt-highlight{font-style:normal;color:#f76a0c;-webkit-box-decoration-break:clone;box-decoration-break:clone;padding-top:0px;padding-right:0px;padding-bottom:0px;padding-left:0px;}<\/style>\n<h2 class=\"kt-adv-heading77_7176b5-d4 wp-block-kadence-advancedheading has-theme-palette-9-color has-text-color\" data-kb-block=\"kb-adv-heading77_7176b5-d4\">Contact form for customer enquiries<\/h2>\n\n\n<style>.wp-block-kadence-advancedheading.kt-adv-heading77_69dc38-99, .wp-block-kadence-advancedheading.kt-adv-heading77_69dc38-99[data-kb-block=\"kb-adv-heading77_69dc38-99\"]{max-width:550px;margin-right:auto;margin-left:auto;text-align:center;font-style:normal;}.wp-block-kadence-advancedheading.kt-adv-heading77_69dc38-99 mark.kt-highlight, .wp-block-kadence-advancedheading.kt-adv-heading77_69dc38-99[data-kb-block=\"kb-adv-heading77_69dc38-99\"] mark.kt-highlight{font-style:normal;color:#f76a0c;-webkit-box-decoration-break:clone;box-decoration-break:clone;padding-top:0px;padding-right:0px;padding-bottom:0px;padding-left:0px;}<\/style>\n<p class=\"kt-adv-heading77_69dc38-99 wp-block-kadence-advancedheading has-theme-palette-9-color has-text-color\" data-kb-block=\"kb-adv-heading77_69dc38-99\"><\/p>\n\n\n<style>.wp-block-kadence-form.kadence-form-77_d873c2-a0.kb-form-wrap{margin-top:0px;margin-bottom:0px;}.kadence-form-77_d873c2-a0 .kb-form .kadence-blocks-form-field label .required{color:var(--global-palette9, #ffffff);}.kadence-form-77_d873c2-a0 .kb-form .kadence-blocks-form-field .kb-text-style-field, .kadence-form-77_d873c2-a0 .kb-form .kadence-blocks-form-field .kb-select-style-field{color:var(--global-palette9, #ffffff);border-radius:0px;border-width:0px 0px 2px 0px;background:rgba(0, 0, 0, 0);border-color:var(--global-palette9, #ffffff);}.kadence-form-77_d873c2-a0 .kb-form .kadence-blocks-form-field > label{color:var(--global-palette9, #ffffff);font-size:var(--global-kb-font-size-sm, 0.9rem);}.kadence-form-77_d873c2-a0 .kb-form .kadence-blocks-form-field .kb-forms-submit{border-radius:5px;}.kadence-form-77_d873c2-a0 .kb-form .kadence-blocks-form-field .kb-forms-submit:hover, .kadence-form-77_d873c2-a0 .kb-form .kadence-blocks-form-field .kb-forms-submit:focus {background:var(--global-palette1, #3182CE);}.kadence-form-77_d873c2-a0 .kb-form .kadence-blocks-form-field .kb-forms-submit{font-size:var(--global-kb-font-size-sm, 0.9rem);letter-spacing:1px;text-transform:uppercase;font-weight:600;}.kadence-form-77_d873c2-a0 .kadence-blocks-form-success{color:var(--global-palette1, #3182CE);border-color:var(--global-palette1, #3182CE);background:rgba(0, 0, 0, 0);}.kadence-form-77_d873c2-a0 .kadence-blocks-form-warning{color:var(--global-palette1, #3182CE);border-color:var(--global-palette1, #3182CE);background:rgba(0, 0, 0, 0);}.kadence-form-77_d873c2-a0 .kadence-blocks-form-message, .kadence-form-77_d873c2-a0 .kb-form-error-msg{border-width:0px 0px 0px 0px;}.kb-form input.kadence-blocks-field.verify{opacity:0.0;position:absolute;top:0.0;left:0.0;width:0.0;height:0.0;z-index:-1;}<\/style>\n<div class=\"wp-block-kadence-form kadence-form-77_d873c2-a0 kb-form-wrap\"><form class=\"kb-form\" action=\"\" method=\"post\" data-error-message=\"Bitte f\u00fcllen Sie alle Felder aus.\" data-trp-original-action=\"\"><div class=\"kadence-blocks-form-field kb-field-desk-width-100 kb-input-size-standard\"><label for=\"kb_field_77_d873c2-a0_0\">Name<span class=\"required\">*<\/span><\/label><input name=\"kb_field_0\" id=\"kb_field_77_d873c2-a0_0\" data-label=\"Ihr Name\" type=\"text\" placeholder=\"\" value=\"\" data-type=\"text\" class=\"kb-field kb-text-style-field kb-text-field kb-field-0\" data-required=\"yes\" data-required-message=\"Bitte nennen Sie uns Ihren Namen\"\/><\/div><div class=\"kadence-blocks-form-field kb-form-field-1 kb-field-desk-width-100 kb-input-size-standard\"><label for=\"kb_field_77_d873c2-a0_1\">E-Mail<span class=\"required\">*<\/span><\/label><input name=\"kb_field_1\" id=\"kb_field_77_d873c2-a0_1\" data-label=\"Email Addresse\" type=\"email\" placeholder=\"\" value=\"\" data-type=\"email\" class=\"kb-field kb-text-style-field kb-email-field kb-field-1\" data-required=\"yes\" data-required-message=\"Bitte f\u00fcrgen Sie hier Ihre E-Mail-Adresse ein\" data-validation-message=\"diese E-Mail-Adresse scheint nicht richtig zu sein.\"\/><\/div><div class=\"kadence-blocks-form-field kb-form-field-2 kb-field-desk-width-50 kb-input-size-standard\"><label for=\"kb_field_77_d873c2-a0_2\">Phone<span class=\"required\">*<\/span><\/label><input name=\"kb_field_2\" id=\"kb_field_77_d873c2-a0_2\" data-label=\"Telefon\" type=\"tel\" placeholder=\"\" value=\"\" data-type=\"tel\" class=\"kb-field kb-text-style-field kb-tel-field kb-field-2\" data-required=\"yes\" data-required-message=\"Bitte geben Sie uns Ihre Telefonnummer bekannt.\" data-validation-message=\"Ist diese Telefonnummer korrekt?\"\/><\/div><div class=\"kadence-blocks-form-field kb-form-field-3 kb-field-desk-width-50 kb-input-size-standard\"><label for=\"kb_field_77_d873c2-a0_3\">Subject<\/label><input name=\"kb_field_3\" id=\"kb_field_77_d873c2-a0_3\" data-label=\"Betreff\" type=\"text\" placeholder=\"\" value=\"\" data-type=\"text\" class=\"kb-field kb-text-style-field kb-text-field kb-field-3\"\/><\/div><div class=\"kadence-blocks-form-field kb-form-field-4 kb-field-desk-width-100 kb-input-size-standard\"><label for=\"kb_field_77_d873c2-a0_4\">Enquiry<span class=\"required\">*<\/span><\/label><textarea name=\"kb_field_4\" id=\"kb_field_77_d873c2-a0_4\" data-label=\"Anfrage\" type=\"textarea\" placeholder=\"\" data-type=\"textarea\" class=\"kb-field kb-text-style-field kb-textarea-field kb-field-4\" rows=\"4\" data-required=\"yes\" data-required-message=\"Bitte beschreiben Sie kurz Ihr Anliegen.\"><\/textarea><\/div><input type=\"hidden\" name=\"_kb_form_id\" value=\"77_d873c2-a0\"\/><input type=\"hidden\" name=\"_kb_form_post_id\" value=\"77\"\/><input type=\"hidden\" name=\"action\" value=\"kb_process_ajax_submit\"\/><label class=\"kadence-verify-label\">E-mail<input class=\"kadence-blocks-field verify\" type=\"text\" name=\"_kb_verify_email\" autocomplete=\"new-password\" aria-hidden=\"true\" placeholder=\"E-mail\" tabindex=\"-1\" data-1p-ignore=\"true\" data-lpignore=\"true\" \/><\/label><div class=\"kadence-blocks-form-field kb-submit-field kb-field-desk-width-100\"><button class=\"kb-forms-submit button kb-button-size-standard kb-button-width-full\">send<\/button><\/div><input type=\"hidden\" name=\"trp-form-language\" value=\"en\"\/><\/form><\/div>\n<noscript><div class=\"kadence-blocks-form-message kadence-blocks-form-warning\">Please enable JavaScript in your browser to submit the form<\/div><style>.kadence-form-77_d873c2-a0 .kadence-blocks-form-field.kb-submit-field { display: none; }<\/style><\/noscript><\/div><\/div>\n\n<\/div><\/div>\n\n<style>.kadence-column77_b457c0-12 > .kt-inside-inner-col,.kadence-column77_b457c0-12 > .kt-inside-inner-col:before{border-top-left-radius:0px;border-top-right-radius:0px;border-bottom-right-radius:0px;border-bottom-left-radius:0px;}.kadence-column77_b457c0-12 > .kt-inside-inner-col{column-gap:var(--global-kb-gap-sm, 1rem);}.kadence-column77_b457c0-12 > .kt-inside-inner-col{flex-direction:column;}.kadence-column77_b457c0-12 > .kt-inside-inner-col > .aligncenter{width:100%;}.kadence-column77_b457c0-12 > .kt-inside-inner-col:before{opacity:0.3;}.kadence-column77_b457c0-12{position:relative;}@media all and (max-width: 1024px){.kadence-column77_b457c0-12 > .kt-inside-inner-col{flex-direction:column;justify-content:center;}}@media all and (max-width: 767px){.kadence-column77_b457c0-12 > .kt-inside-inner-col{flex-direction:column;justify-content:center;}}<\/style>\n<div class=\"wp-block-kadence-column kadence-column77_b457c0-12 alignfull\"><div class=\"kt-inside-inner-col\"><style>.kb-google-maps-container77_0c8a8e-66{height:450px;}.kb-google-maps-container77_0c8a8e-66{filter:grayscale(100%);}<\/style><div class=\"kb-google-maps-container kb-google-maps-container77_0c8a8e-66  wp-block-kadence-googlemaps\" data-mapid=\"77_0c8a8e66\"><iframe width=\"100%\" height=\"100%\"\n\t\t\t\t\t\t\tstyle=\"border:0\" loading=\"lazy\"\n\t\t\t\t\t\t\tsrc=\"https:\/\/www.google.com\/maps\/embed\/v1\/place?key=AIzaSyBAM2o7PiQqwk15LC1XRH2e_KJ-jUa7KYk&#038;zoom=11&#038;maptype=roadmap&#038;q=Grabenstrasse+25%2C+6340+Baar\"\n\t\t\t\t\t\t\ttitle=\"Google map of Grabenstrasse 25, 6340 Baar\"><\/iframe><\/div><script>function kb_google_map77_0c8a8e66() { let center = { lat: 37.8201, lng: -122.4781}; let map = new google.maps.Map(document.getElementById(\"kb-google-map77_0c8a8e66\"), {\n\t\t\t\t\t    zoom: 11,\n\t\t\t\t\t    center: center,});let marker = new google.maps.Marker({   position: { lat: 37.8201, lng: -122.4781},    map: map,  });}<\/script><\/div><\/div>","protected":false},"excerpt":{"rendered":"<p>Kontaktformular f\u00fcr Kundenanfragen Treten Sie mit uns in Kontakt. Ihre Anliegen sind bei uns in guten H\u00e4nden Sie m\u00f6chten einen Termin vereinbaren oder haben Fragen zu unseren notariellen Leistungen? Wir freuen uns auf Ihre Kontaktaufnahme \u2013 telefonisch, per E-Mail oder pers\u00f6nlich vor Ort. Unser Team unterst\u00fctzt Sie kompetent, diskret und zeitnah. E-Mail: bi*****@******al.chTelefon: 041 752&#8230;<\/p>","protected":false},"author":1,"featured_media":0,"parent":0,"menu_order":2,"comment_status":"closed","ping_status":"closed","template":"","meta":{"_kad_post_transparent":"","_kad_post_title":"hide","_kad_post_layout":"fullwidth","_kad_post_sidebar_id":"","_kad_post_content_style":"unboxed","_kad_post_vertical_padding":"hide","_kad_post_feature":"hide","_kad_post_feature_position":"","_kad_post_header":false,"_kad_post_footer":false,"footnotes":""},"class_list":["post-77","page","type-page","status-publish","hentry"],"_links":{"self":[{"href":"https:\/\/www.jb-legal.ch\/en\/wp-json\/wp\/v2\/pages\/77","targetHints":{"allow":["GET"]}}],"collection":[{"href":"https:\/\/www.jb-legal.ch\/en\/wp-json\/wp\/v2\/pages"}],"about":[{"href":"https:\/\/www.jb-legal.ch\/en\/wp-json\/wp\/v2\/types\/page"}],"author":[{"embeddable":true,"href":"https:\/\/www.jb-legal.ch\/en\/wp-json\/wp\/v2\/users\/1"}],"replies":[{"embeddable":true,"href":"https:\/\/www.jb-legal.ch\/en\/wp-json\/wp\/v2\/comments?post=77"}],"version-history":[{"count":0,"href":"https:\/\/www.jb-legal.ch\/en\/wp-json\/wp\/v2\/pages\/77\/revisions"}],"wp:attachment":[{"href":"https:\/\/www.jb-legal.ch\/en\/wp-json\/wp\/v2\/media?parent=77"}],"curies":[{"name":"wp","href":"https:\/\/api.w.org\/{rel}","templated":true}]}}